{"id":7707,"date":"2019-11-06T15:05:46","date_gmt":"2019-11-06T19:05:46","guid":{"rendered":"http:\/\/hkt.gendronpub.com\/?page_id=7707"},"modified":"2020-06-19T12:03:44","modified_gmt":"2020-06-19T16:03:44","slug":"contact","status":"publish","type":"page","link":"https:\/\/hk247.net\/en\/contact\/","title":{"rendered":"Contact"},"content":{"rendered":"<div class=\"wpb-content-wrapper\"><p>[vc_row css=&#8221;.vc_custom_1566591476842{margin-bottom: 70px !important;}&#8221;][vc_column enable_column_shadowbox=&#8221;yes&#8221; css=&#8221;.vc_custom_1566591408622{margin-top: -10% !important;padding-top: 45px !important;padding-right: 15px !important;padding-bottom: 30px !important;padding-left: 15px !important;background-color: #ffffff !important;}&#8221; column_box_shadow=&#8221;%5B%7B%22x_offset%22%3A%220%22%2C%22y_offset%22%3A%2215px%22%2C%22blur_radius%22%3A%2250px%22%2C%22shadow_color%22%3A%22rgba(0%2C%200%2C%200%2C%200.1)%22%7D%5D&#8221;][vc_row_inner content_placement=&#8221;middle&#8221; css=&#8221;.vc_custom_1566590319059{padding-top: 30px !important;}&#8221;][vc_column_inner offset=&#8221;vc_col-md-offset-1 vc_col-md-6&#8243;]<style>.ld_section_title_69f244995dd5e h2{font-size:38px;margin-bottom:0px !important;;}.ld_section_title_69f244995dd5e p{color:rgba(0, 0, 0, 0.387);}<\/style><header class=\"fancy-title ld_section_title_69f244995dd5e\">\n\t<h2>Email Us<\/h2>\t<p class=\"\">We\u2019re here to help. Please fill out the fields below and we\u2019ll get back to you.<\/p>\t<\/header>[\/vc_column_inner][vc_column_inner align=&#8221;text-left&#8221; offset=&#8221;vc_col-md-4 vc_hidden-sm vc_hidden-xs&#8221; responsive_align=&#8221;text-md-right&#8221;]<style>.ld_icon_box_69f244995de87 .iconbox-icon-container{color:rgb(216, 219, 226);border-radius:px;}.ld_icon_box_69f244995de87:hover .iconbox-icon-container{color:rgb(0, 0, 0);}.ld_icon_box_69f244995de87 h3{margin-bottom:px;}<\/style>\n<div class=\"iconbox text-right iconbox-xl ld_icon_box_69f244995de87 vc_custom_1573067415589\" id=\"ld_icon_box_69f244995de87\"  data-animate-icon=\"true\" data-plugin-options='{\"resetOnHover\":true,\"color\":\"rgb(216, 219, 226)\",\"hoverColor\":\"rgb(0, 0, 0)\"}'  >\n\t\n\t\t<div class=\"iconbox-icon-wrap\"><span class=\"iconbox-icon-container\"><?xml version=\"1.0\" encoding=\"utf-8\"?>\n<!-- Generator: Adobe Illustrator 16.0.0, SVG Export Plug-In . SVG Version: 6.00 Build 0)  -->\n<!DOCTYPE svg PUBLIC \"-\/\/W3C\/\/DTD SVG 1.1\/\/EN\" \"http:\/\/www.w3.org\/Graphics\/SVG\/1.1\/DTD\/svg11.dtd\">\n<svg version=\"1.1\" id=\"Layer_1\" xmlns=\"http:\/\/www.w3.org\/2000\/svg\" xmlns:xlink=\"http:\/\/www.w3.org\/1999\/xlink\" x=\"0px\" y=\"0px\"\n\t width=\"64px\" height=\"64px\" viewBox=\"0 0 64 64\" enable-background=\"new 0 0 64 64\" xml:space=\"preserve\">\n<polygon fill=\"none\" stroke=\"#000000\" stroke-width=\"2\" stroke-linejoin=\"bevel\" stroke-miterlimit=\"10\" points=\"1,30 63,1 23,41 \n\t\"\/>\n<polygon fill=\"none\" stroke=\"#000000\" stroke-width=\"2\" stroke-linejoin=\"bevel\" stroke-miterlimit=\"10\" points=\"34,63 63,1 23,41 \n\t\"\/>\n<\/svg>\n<\/span><\/div><!-- \/.iconbox-icon-wrap -->\t\n\t\t\n\t\t\n\t\t\t\t\n\t\n<\/div>\n[\/vc_column_inner][vc_column_inner offset=&#8221;vc_col-md-offset-1 vc_col-md-10&#8243;]<style>.ld_cf7_69f2449962001 input[type=\"submit\"]{font-size:13px;font-weight:700;letter-spacing:0.1em;background:-webkit-linear-gradient(90deg, rgb(235, 33, 46) 0%, rgb(235, 33, 46) 100%);background:linear-gradient(90deg, rgb(235, 33, 46) 0%, rgb(235, 33, 46) 100%);color:rgb(255, 255, 255);border-color:rgba(255, 255, 255, 0);}.ld_cf7_69f2449962001 input, .ld_cf7_69f2449962001 select, .ld_cf7_69f2449962001 textarea, .ld_cf7_69f2449962001 .ui-selectmenu-button{color:rgb(130, 130, 130);}.ld_cf7_69f2449962001 input:focus, .ld_cf7_69f2449962001 select:focus, .ld_cf7_69f2449962001 textarea:focus, .ld_cf7_69f2449962001 .ui-selectmenu-button:hover{color:rgb(60, 60, 60);}.ld_cf7_69f2449962001 input[type=\"submit\"]:focus,.ld_cf7_69f2449962001 input[type=\"submit\"]:hover{background:-webkit-linear-gradient(90deg, rgb(135, 0, 9) 1.910828025477707%, #870009 100%);background:linear-gradient(90deg, rgb(135, 0, 9) 1.910828025477707%, #870009 100%);}.ld_cf7_69f2449962001 input[type=\"submit\"]:hover{color:rgb(255, 255, 255);}<\/style><div id=\"ld_cf7_69f2449962001\" class=\"lqd-contact-form ld_cf7_69f2449962001\">\n\t\n<div class=\"wpcf7 no-js\" id=\"wpcf7-f7673-o1\" lang=\"en-US\" dir=\"ltr\">\n<div class=\"screen-reader-response\"><p role=\"status\" aria-live=\"polite\" aria-atomic=\"true\"><\/p> <ul><\/ul><\/div>\n<form action=\"\/en\/wp-json\/wp\/v2\/pages\/7707#wpcf7-f7673-o1\" method=\"post\" class=\"wpcf7-form init\" aria-label=\"Contact form\" novalidate=\"novalidate\" data-status=\"init\">\n<div style=\"display: none;\">\n<input type=\"hidden\" name=\"_wpcf7\" value=\"7673\" \/>\n<input type=\"hidden\" name=\"_wpcf7_version\" value=\"5.9.5\" \/>\n<input type=\"hidden\" name=\"_wpcf7_locale\" value=\"en_US\" \/>\n<input type=\"hidden\" name=\"_wpcf7_unit_tag\" value=\"wpcf7-f7673-o1\" \/>\n<input type=\"hidden\" name=\"_wpcf7_container_post\" value=\"0\" \/>\n<input type=\"hidden\" name=\"_wpcf7_posted_data_hash\" value=\"\" \/>\n<input type=\"hidden\" name=\"_wpcf7_recaptcha_response\" value=\"\" \/>\n<\/div>\n<div class=\"row\">\n\t<p class=\"col-md-6\"><br \/>\n<span class=\"wpcf7-form-control-wrap\" data-name=\"text-783\"><input size=\"40\" class=\"wpcf7-form-control wpcf7-text wpcf7-validates-as-required\" aria-required=\"true\" aria-invalid=\"false\" placeholder=\"First name\" value=\"\" type=\"text\" name=\"text-783\" \/><\/span>\n\t<\/p>\n\t<p class=\"col-md-6\"><br \/>\n<span class=\"wpcf7-form-control-wrap\" data-name=\"text-181\"><input size=\"40\" class=\"wpcf7-form-control wpcf7-text wpcf7-validates-as-required\" aria-required=\"true\" aria-invalid=\"false\" placeholder=\"Last name\" value=\"\" type=\"text\" name=\"text-181\" \/><\/span>\n\t<\/p>\n\t<p class=\"col-md-6\"><br \/>\n<span class=\"wpcf7-form-control-wrap\" data-name=\"email-230\"><input size=\"40\" class=\"wpcf7-form-control wpcf7-email wpcf7-validates-as-required wpcf7-text wpcf7-validates-as-email\" aria-required=\"true\" aria-invalid=\"false\" placeholder=\"Email\" value=\"\" type=\"email\" name=\"email-230\" \/><\/span>\n\t<\/p>\n\t<p class=\"col-md-6\"><br \/>\n<span class=\"wpcf7-form-control-wrap\" data-name=\"tel-332\"><input size=\"40\" class=\"wpcf7-form-control wpcf7-tel wpcf7-validates-as-required wpcf7-text wpcf7-validates-as-tel\" aria-required=\"true\" aria-invalid=\"false\" placeholder=\"Phone\" value=\"\" type=\"tel\" name=\"tel-332\" \/><\/span>\n\t<\/p>\n\t<p class=\"col-md-12\"><br \/>\n<span class=\"wpcf7-form-control-wrap\" data-name=\"textarea-251\"><textarea cols=\"10\" rows=\"4\" class=\"wpcf7-form-control wpcf7-textarea wpcf7-validates-as-required\" aria-required=\"true\" aria-invalid=\"false\" placeholder=\"Message\" name=\"textarea-251\"><\/textarea><\/span>\n\t<\/p>\n\t<p class=\"col-md-6 mb-2 mb-lg-0\">\n\t<\/p>\n\t<p class=\"col-md-6 text-md-right\"><br \/>\n<input class=\"wpcf7-form-control wpcf7-submit has-spinner\" type=\"submit\" value=\"SEND\" \/>\n\t<\/p>\n<\/div><div class=\"wpcf7-response-output\" aria-hidden=\"true\"><\/div>\n<\/form>\n<\/div>\n<\/div>[vc_separator css=&#8221;.vc_custom_1566592202572{padding-top: 40px !important;padding-bottom: 40px !important;}&#8221;][\/vc_column_inner][\/vc_row_inner][vc_row_inner content_placement=&#8221;middle&#8221; css=&#8221;.vc_custom_1571929358726{padding-bottom: 40px !important;}&#8221;][vc_column_inner offset=&#8221;vc_col-md-offset-1 vc_col-md-5&#8243;]<style>.ld_section_title_69f24499625db h2{font-size:38px;margin-bottom:0px !important;;}.ld_section_title_69f24499625db p{color:rgba(0, 0, 0, 0.387);}<\/style><header class=\"fancy-title ld_section_title_69f24499625db\">\n\t<h2>Contact us<\/h2>\t<p class=\"\">Nous sommes l\u00e0 pour r\u00e9pondre \u00e0 toutes vos questions.<\/p>\t<\/header>[\/vc_column_inner][vc_column_inner align=&#8221;text-left&#8221; offset=&#8221;vc_col-md-5&#8243; responsive_align=&#8221;text-md-right&#8221; css=&#8221;.vc_custom_1592582380161{padding-top: 20px !important;padding-right: 20px !important;padding-bottom: 20px !important;padding-left: 20px !important;background-color: #eb212e !important;}&#8221;][vc_wp_text]<\/p>\n<h6 style=\"text-align: center; color: #fff; background-color: #eb212e; padding: 2rem;\">BY PHONE : <a style=\"color: #fff;\" href=\"tel:5146330909\">(514) 633-0909<\/a><br \/>\nTOOL FREE : <a style=\"color: #fff;\" href=\"tel:18003616222\">1-800-361-6222<\/a><br \/>\nFAX : <a style=\"color: #fff;\" href=\"tel:5146330910\">(514) 633-0910<\/a><\/h6>\n<p>[\/vc_wp_text][\/vc_column_inner][\/vc_row_inner][\/vc_column][\/vc_row]<\/p>\n<\/div>","protected":false},"excerpt":{"rendered":"<p>[vc_row css=&#8221;.vc_custom_1566591476842{margin-bottom: 70px !important;}&#8221;][vc_column enable_column_shadowbox=&#8221;yes&#8221; css=&#8221;.vc_custom_1566591408622{margin-top: -10% !important;padding-top: 45px !important;padding-right: 15px !important;padding-bottom: 30px !important;padding-left: 15px !important;background-color: #ffffff !important;}&#8221; column_box_shadow=&#8221;%5B%7B%22x_offset%22%3A%220%22%2C%22y_offset%22%3A%2215px%22%2C%22blur_radius%22%3A%2250px%22%2C%22shadow_color%22%3A%22rgba(0%2C%200%2C%200%2C%200.1)%22%7D%5D&#8221;][vc_row_inner content_placement=&#8221;middle&#8221; css=&#8221;.vc_custom_1566590319059{padding-top: 30px !important;}&#8221;][vc_column_inner offset=&#8221;vc_col-md-offset-1 vc_col-md-6&#8243;][\/vc_column_inner][vc_column_inner align=&#8221;text-left&#8221; offset=&#8221;vc_col-md-4 vc_hidden-sm vc_hidden-xs&#8221; responsive_align=&#8221;text-md-right&#8221;][\/vc_column_inner][vc_column_inner offset=&#8221;vc_col-md-offset-1 vc_col-md-10&#8243;][vc_separator css=&#8221;.vc_custom_1566592202572{padding-top: 40px !important;padding-bottom: 40px !important;}&#8221;][\/vc_column_inner][\/vc_row_inner][vc_row_inner content_placement=&#8221;middle&#8221; css=&#8221;.vc_custom_1571929358726{padding-bottom: 40px !important;}&#8221;][vc_column_inner offset=&#8221;vc_col-md-offset-1 vc_col-md-5&#8243;][\/vc_column_inner][vc_column_inner align=&#8221;text-left&#8221; offset=&#8221;vc_col-md-5&#8243; responsive_align=&#8221;text-md-right&#8221; css=&#8221;.vc_custom_1592582380161{padding-top: 20px !important;padding-right: 20px !important;padding-bottom: 20px !important;padding-left: 20px !important;background-color: [&hellip;]<\/p>\n","protected":false},"author":2,"featured_media":0,"parent":0,"menu_order":0,"comment_status":"closed","ping_status":"closed","template":"","meta":{"footnotes":""},"class_list":["post-7707","page","type-page","status-publish","hentry"],"yoast_head":"<!-- This site is optimized with the Yoast SEO plugin v24.2 - https:\/\/yoast.com\/wordpress\/plugins\/seo\/ -->\n<title>Contact H.K. Truck &amp; Trailer Repair Services Montreal<\/title>\n<meta name=\"description\" content=\"For all your truck and trailer repair needs around Montreal and the province of Quebec, contact H.K. Truck &amp; Trailer.\" \/>\n<meta name=\"robots\" content=\"index, follow, max-snippet:-1, max-image-preview:large, max-video-preview:-1\" \/>\n<link rel=\"canonical\" href=\"https:\/\/hk247.net\/en\/contact\/\" \/>\n<meta property=\"og:locale\" content=\"en_US\" \/>\n<meta property=\"og:type\" content=\"article\" \/>\n<meta property=\"og:title\" content=\"Contact H.K. Truck &amp; Trailer Repair Services Montreal\" \/>\n<meta property=\"og:description\" content=\"For all your truck and trailer repair needs around Montreal and the province of Quebec, contact H.K. Truck &amp; Trailer.\" \/>\n<meta property=\"og:url\" content=\"https:\/\/hk247.net\/en\/contact\/\" \/>\n<meta property=\"og:site_name\" content=\"HK Camions et Remorques\" \/>\n<meta property=\"article:modified_time\" content=\"2020-06-19T16:03:44+00:00\" \/>\n<meta name=\"twitter:card\" content=\"summary_large_image\" \/>\n<meta name=\"twitter:label1\" content=\"Est. reading time\" \/>\n\t<meta name=\"twitter:data1\" content=\"2 minutes\" \/>\n<script type=\"application\/ld+json\" class=\"yoast-schema-graph\">{\"@context\":\"https:\/\/schema.org\",\"@graph\":[{\"@type\":\"WebPage\",\"@id\":\"https:\/\/hk247.net\/en\/contact\/\",\"url\":\"https:\/\/hk247.net\/en\/contact\/\",\"name\":\"Contact H.K. Truck & Trailer Repair Services Montreal\",\"isPartOf\":{\"@id\":\"https:\/\/hk247.net\/#website\"},\"datePublished\":\"2019-11-06T19:05:46+00:00\",\"dateModified\":\"2020-06-19T16:03:44+00:00\",\"description\":\"For all your truck and trailer repair needs around Montreal and the province of Quebec, contact H.K. Truck & Trailer.\",\"breadcrumb\":{\"@id\":\"https:\/\/hk247.net\/en\/contact\/#breadcrumb\"},\"inLanguage\":\"en-US\",\"potentialAction\":[{\"@type\":\"ReadAction\",\"target\":[\"https:\/\/hk247.net\/en\/contact\/\"]}]},{\"@type\":\"BreadcrumbList\",\"@id\":\"https:\/\/hk247.net\/en\/contact\/#breadcrumb\",\"itemListElement\":[{\"@type\":\"ListItem\",\"position\":1,\"name\":\"Accueil\",\"item\":\"https:\/\/hk247.net\/en\/\"},{\"@type\":\"ListItem\",\"position\":2,\"name\":\"Contact\"}]},{\"@type\":\"WebSite\",\"@id\":\"https:\/\/hk247.net\/#website\",\"url\":\"https:\/\/hk247.net\/\",\"name\":\"HK Camions et Remorques\",\"description\":\"\",\"potentialAction\":[{\"@type\":\"SearchAction\",\"target\":{\"@type\":\"EntryPoint\",\"urlTemplate\":\"https:\/\/hk247.net\/?s={search_term_string}\"},\"query-input\":{\"@type\":\"PropertyValueSpecification\",\"valueRequired\":true,\"valueName\":\"search_term_string\"}}],\"inLanguage\":\"en-US\"}]}<\/script>\n<!-- \/ Yoast SEO plugin. -->","yoast_head_json":{"title":"Contact H.K. Truck & Trailer Repair Services Montreal","description":"For all your truck and trailer repair needs around Montreal and the province of Quebec, contact H.K. Truck & Trailer.","robots":{"index":"index","follow":"follow","max-snippet":"max-snippet:-1","max-image-preview":"max-image-preview:large","max-video-preview":"max-video-preview:-1"},"canonical":"https:\/\/hk247.net\/en\/contact\/","og_locale":"en_US","og_type":"article","og_title":"Contact H.K. Truck & Trailer Repair Services Montreal","og_description":"For all your truck and trailer repair needs around Montreal and the province of Quebec, contact H.K. Truck & Trailer.","og_url":"https:\/\/hk247.net\/en\/contact\/","og_site_name":"HK Camions et Remorques","article_modified_time":"2020-06-19T16:03:44+00:00","twitter_card":"summary_large_image","twitter_misc":{"Est. reading time":"2 minutes"},"schema":{"@context":"https:\/\/schema.org","@graph":[{"@type":"WebPage","@id":"https:\/\/hk247.net\/en\/contact\/","url":"https:\/\/hk247.net\/en\/contact\/","name":"Contact H.K. Truck & Trailer Repair Services Montreal","isPartOf":{"@id":"https:\/\/hk247.net\/#website"},"datePublished":"2019-11-06T19:05:46+00:00","dateModified":"2020-06-19T16:03:44+00:00","description":"For all your truck and trailer repair needs around Montreal and the province of Quebec, contact H.K. Truck & Trailer.","breadcrumb":{"@id":"https:\/\/hk247.net\/en\/contact\/#breadcrumb"},"inLanguage":"en-US","potentialAction":[{"@type":"ReadAction","target":["https:\/\/hk247.net\/en\/contact\/"]}]},{"@type":"BreadcrumbList","@id":"https:\/\/hk247.net\/en\/contact\/#breadcrumb","itemListElement":[{"@type":"ListItem","position":1,"name":"Accueil","item":"https:\/\/hk247.net\/en\/"},{"@type":"ListItem","position":2,"name":"Contact"}]},{"@type":"WebSite","@id":"https:\/\/hk247.net\/#website","url":"https:\/\/hk247.net\/","name":"HK Camions et Remorques","description":"","potentialAction":[{"@type":"SearchAction","target":{"@type":"EntryPoint","urlTemplate":"https:\/\/hk247.net\/?s={search_term_string}"},"query-input":{"@type":"PropertyValueSpecification","valueRequired":true,"valueName":"search_term_string"}}],"inLanguage":"en-US"}]}},"_links":{"self":[{"href":"https:\/\/hk247.net\/en\/wp-json\/wp\/v2\/pages\/7707","targetHints":{"allow":["GET"]}}],"collection":[{"href":"https:\/\/hk247.net\/en\/wp-json\/wp\/v2\/pages"}],"about":[{"href":"https:\/\/hk247.net\/en\/wp-json\/wp\/v2\/types\/page"}],"author":[{"embeddable":true,"href":"https:\/\/hk247.net\/en\/wp-json\/wp\/v2\/users\/2"}],"replies":[{"embeddable":true,"href":"https:\/\/hk247.net\/en\/wp-json\/wp\/v2\/comments?post=7707"}],"version-history":[{"count":10,"href":"https:\/\/hk247.net\/en\/wp-json\/wp\/v2\/pages\/7707\/revisions"}],"predecessor-version":[{"id":8032,"href":"https:\/\/hk247.net\/en\/wp-json\/wp\/v2\/pages\/7707\/revisions\/8032"}],"wp:attachment":[{"href":"https:\/\/hk247.net\/en\/wp-json\/wp\/v2\/media?parent=7707"}],"curies":[{"name":"wp","href":"https:\/\/api.w.org\/{rel}","templated":true}]}}